{"id":20,"date":"2012-11-16T22:15:53","date_gmt":"2012-11-17T03:15:53","guid":{"rendered":"http:\/\/www.ziankovich.com\/?page_id=20"},"modified":"2025-08-29T17:27:29","modified_gmt":"2025-08-29T22:27:29","slug":"my-resume","status":"publish","type":"page","link":"https:\/\/www.ziankovich.com\/pl\/my-resume","title":{"rendered":"Moje CV"},"content":{"rendered":"<p><br \/>\n<strong>Profil<\/strong><br \/>\nPrawnik bia\u0142orusko-ameryka\u0144ski w obszarach: prawo gospodarcze\/podatkowe, imigracyjne, prawa cz\u0142owieka. <u>W trakcie przywracania licencji adwokackiej w stanie Nowy Jork<\/u>; obecnie bez \u015bwiadczenia us\u0142ug prawnych i reprezentacji. Doradztwo dot. zak\u0142adania firm w USA i relokacji.<\/p>\n<p><strong>Bie\u017c\u0105cy fokus (2024\u20132025)<\/strong><\/p>\n<ul>\n<li>Przywr\u00f3cenie licencji NY.<\/li>\n<li>Doradztwo dla diaspory (inkorporacja, imigracja).<\/li>\n<li>Wybrane inicjatywy z zakresu praw cz\u0142owieka.<\/li>\n<\/ul>\n<p><strong>Wykszta\u0142cenie<\/strong><br \/>\nFordham University School of Law, Nowy Jork \u2014 <strong>LL.M., prawo USA i por\u00f3wnawcze<\/strong> (05\/2012). Kursy: korporacje, MNC, IP, post\u0119powanie, delikty; przygotowanie do bar exam; praktyka w prawie imigracyjnym.<\/p>\n<p>Ukrai\u0144ska Akademia Bankowo\u015bci (Wydz. Prawa), Sumy \u2014 <strong>LL.B., prawo cywilne, korporacyjne i gospodarcze<\/strong> (04\/2006).<\/p>\n<p><strong>Do\u015bwiadczenie<\/strong><br \/>\nYouras Ziankovich Consulting, Aurora, CO \u2014 <strong>W\u0142a\u015bciciel<\/strong> (06\/2007\u2013obecnie).<br \/>\nYouras Ziankovich, Esq., Nowy Jork \u2014 <strong>W\u0142a\u015bciciel<\/strong> (02\/2014\u2013obecnie).<br \/>\nImmigration Law Office of Y. Ziankovich, Nowy Jork \u2014 <strong>W\u0142a\u015bciciel<\/strong> (02\/2014\u2013obecnie).<br \/>\nBiuro NRAU w USA, Nowy Jork \u2014 <strong>Cz\u0142onek Rady<\/strong> (07\/2015\u2013obecnie).<br \/>\nLaw Offices of Tanya Gendelman, P.C., Brooklyn \u2014 <strong>Asystent<\/strong> (11\/2010\u201301\/2012).<br \/>\nRady Deputowanych w Mi\u0144sku i \u017bdanowiczach \u2014 <strong>Radny<\/strong> (03\/2003\u201303\/2007).<\/p>\n<p><strong>Uprawnienia i licencje<\/strong><\/p>\n<ul>\n<li>S\u0105dy stanu Nowy Jork (licencja \u2014 w trakcie przywracania).<\/li>\n<li>Federalny S\u0105d Okr\u0119gowy dla Dystryktu Kolorado.<\/li>\n<li>Ograniczona praktyka na Bia\u0142orusi i Ukrainie (bez wymogu licencji).<\/li>\n<li>Broker nieruchomo\u015bci (NY).<\/li>\n<\/ul>\n<p><strong>J\u0119zyki<\/strong><br \/>\nBia\u0142oruski, rosyjski, polski \u2014 ojczyste; ukrai\u0144ski \u2014 biegle.<\/p>\n<p><strong>Wyr\u00f3\u017cnienia<\/strong><\/p>\n<ul>\n<li>\u201c10 Best Immigration Lawyers\u201d (2017, 2018).<\/li>\n<li>Avvo Clients\u2019 Choice (2019).<\/li>\n<\/ul>\n<p><strong>Publikacje (wyb\u00f3r)<\/strong><br \/>\n<em>Abecad\u0142o dla \u015bwiadk\u00f3w<\/em> \u2014 12.2010 (RU; t\u0142um. BE\/EN).<br \/>\n<em>Historia Drugiej Poprawki<\/em> \u2014 08.2012, Arche (BE).<br \/>\n<em>Jak za\u0142o\u017cy\u0107 firm\u0119 w USA<\/em> \u2014 02.2014 (RU).<br \/>\n<small><em>Strona wy\u0142\u0105cznie informacyjna \u2014 nie stanowi porady prawnej.<\/em><\/small><\/p>","protected":false},"excerpt":{"rendered":"<p>Profil Prawnik bia\u0142orusko-ameryka\u0144ski w obszarach: prawo gospodarcze\/podatkowe, imigracyjne, prawa cz\u0142owieka. W trakcie przywracania licencji adwokackiej w stanie Nowy Jork; obecnie bez \u015bwiadczenia us\u0142ug prawnych i reprezentacji. Doradztwo dot. zak\u0142adania firm w USA i relokacji. Bie\u017c\u0105cy fokus (2024\u20132025) Przywr\u00f3cenie licencji NY. Doradztwo dla diaspory (inkorporacja, imigracja). Wybrane inicjatywy z zakresu praw cz\u0142owieka. Wykszta\u0142cenie Fordham University School of Law, Nowy Jork \u2014 LL.M., prawo USA i por\u00f3wnawcze (05\/2012). Kursy: korporacje, MNC, IP, post\u0119powanie, delikty; przygotowanie do bar exam; praktyka w prawie imigracyjnym. Ukrai\u0144ska Akademia Bankowo\u015bci (Wydz. Prawa), Sumy \u2014 LL.B., prawo cywilne, korporacyjne i gospodarcze (04\/2006). Do\u015bwiadczenie Youras Ziankovich Consulting, Aurora, CO \u2014 W\u0142a\u015bciciel (06\/2007\u2013obecnie). Youras Ziankovich, Esq., Nowy Jork \u2014 W\u0142a\u015bciciel (02\/2014\u2013obecnie). Immigration Law Office of Y. Ziankovich, Nowy Jork \u2014 W\u0142a\u015bciciel (02\/2014\u2013obecnie). Biuro NRAU w USA, Nowy Jork \u2014 Cz\u0142onek Rady (07\/2015\u2013obecnie). Law Offices of Tanya Gendelman, P.C., Brooklyn \u2014 Asystent (11\/2010\u201301\/2012). Rady Deputowanych w Mi\u0144sku i \u017bdanowiczach \u2014 Radny (03\/2003\u201303\/2007). Uprawnienia i licencje S\u0105dy stanu Nowy Jork (licencja \u2014 w trakcie przywracania). Federalny S\u0105d Okr\u0119gowy dla Dystryktu Kolorado. Ograniczona praktyka na Bia\u0142orusi i Ukrainie (bez wymogu licencji). Broker nieruchomo\u015bci (NY). J\u0119zyki Bia\u0142oruski, rosyjski, polski \u2014 ojczyste; ukrai\u0144ski \u2014 biegle. Wyr\u00f3\u017cnienia \u201c10 Best Immigration Lawyers\u201d (2017, 2018). Avvo Clients\u2019 Choice [&hellip;]<\/p>\n","protected":false},"author":1,"featured_media":0,"parent":0,"menu_order":0,"comment_status":"open","ping_status":"open","template":"","meta":{"footnotes":""},"class_list":["post-20","page","type-page","status-publish","hentry"],"yoast_head":"<!-- This site is optimized with the Yoast SEO plugin v26.9 - https:\/\/yoast.com\/product\/yoast-seo-wordpress\/ -->\n<title>Resume of Youras Ziankovich: Education and Career - Youras Ziankovich, Esq.<\/title>\n<meta name=\"description\" content=\"Learn about Youras Ziankovich&#039;s education and extensive experience in business law and immigration services.\" \/>\n<meta name=\"robots\" content=\"index, follow, max-snippet:-1, max-image-preview:large, max-video-preview:-1\" \/>\n<link rel=\"canonical\" href=\"https:\/\/www.ziankovich.com\/pl\/my-resume\" \/>\n<meta property=\"og:locale\" content=\"pl_PL\" \/>\n<meta property=\"og:type\" content=\"article\" \/>\n<meta property=\"og:title\" content=\"Resume of Youras Ziankovich: Education and Career - Youras Ziankovich, Esq.\" \/>\n<meta property=\"og:description\" content=\"Learn about Youras Ziankovich&#039;s education and extensive experience in business law and immigration services.\" \/>\n<meta property=\"og:url\" content=\"https:\/\/www.ziankovich.com\/pl\/my-resume\" \/>\n<meta property=\"og:site_name\" content=\"Youras Ziankovich, Esq.\" \/>\n<meta property=\"article:publisher\" content=\"https:\/\/www.facebook.com\/polishlawyer.us\" \/>\n<meta property=\"article:modified_time\" content=\"2025-08-29T22:27:29+00:00\" \/>\n<meta name=\"twitter:card\" content=\"summary_large_image\" \/>\n<meta name=\"twitter:label1\" content=\"Szacowany czas czytania\" \/>\n\t<meta name=\"twitter:data1\" content=\"2 minuty\" \/>\n<script type=\"application\/ld+json\" class=\"yoast-schema-graph\">{\"@context\":\"https:\/\/schema.org\",\"@graph\":[{\"@type\":\"WebPage\",\"@id\":\"https:\/\/www.ziankovich.com\/pl\/my-resume\",\"url\":\"https:\/\/www.ziankovich.com\/pl\/my-resume\",\"name\":\"Resume of Youras Ziankovich: Education and Career - Youras Ziankovich, Esq.\",\"isPartOf\":{\"@id\":\"https:\/\/www.ziankovich.com\/pl\/#website\"},\"datePublished\":\"2012-11-17T03:15:53+00:00\",\"dateModified\":\"2025-08-29T22:27:29+00:00\",\"description\":\"Learn about Youras Ziankovich's education and extensive experience in business law and immigration services.\",\"breadcrumb\":{\"@id\":\"https:\/\/www.ziankovich.com\/pl\/my-resume#breadcrumb\"},\"inLanguage\":\"pl-PL\",\"potentialAction\":[{\"@type\":\"ReadAction\",\"target\":[[\"https:\/\/www.ziankovich.com\/pl\/my-resume\"]]}]},{\"@type\":\"BreadcrumbList\",\"@id\":\"https:\/\/www.ziankovich.com\/pl\/my-resume#breadcrumb\",\"itemListElement\":[{\"@type\":\"ListItem\",\"position\":1,\"name\":\"Home\",\"item\":\"https:\/\/www.ziankovich.com\/pl\/\"},{\"@type\":\"ListItem\",\"position\":2,\"name\":\"My Resume\"}]},{\"@type\":\"WebSite\",\"@id\":\"https:\/\/www.ziankovich.com\/pl\/#website\",\"url\":\"https:\/\/www.ziankovich.com\/pl\/\",\"name\":\"Youras Ziankovich, Esq.\",\"description\":\"Corporate and Immigration Attorney\",\"alternateName\":\"Law Office of Youras Ziankovich\",\"potentialAction\":[{\"@type\":\"SearchAction\",\"target\":{\"@type\":\"EntryPoint\",\"urlTemplate\":\"https:\/\/www.ziankovich.com\/pl\/?s={search_term_string}\"},\"query-input\":{\"@type\":\"PropertyValueSpecification\",\"valueRequired\":true,\"valueName\":\"search_term_string\"}}],\"inLanguage\":\"pl-PL\"}]}<\/script>\n<!-- \/ Yoast SEO plugin. -->","yoast_head_json":{"title":"Resume of Youras Ziankovich: Education and Career - Youras Ziankovich, Esq.","description":"Learn about Youras Ziankovich's education and extensive experience in business law and immigration services.","robots":{"index":"index","follow":"follow","max-snippet":"max-snippet:-1","max-image-preview":"max-image-preview:large","max-video-preview":"max-video-preview:-1"},"canonical":"https:\/\/www.ziankovich.com\/pl\/my-resume","og_locale":"pl_PL","og_type":"article","og_title":"Resume of Youras Ziankovich: Education and Career - Youras Ziankovich, Esq.","og_description":"Learn about Youras Ziankovich's education and extensive experience in business law and immigration services.","og_url":"https:\/\/www.ziankovich.com\/pl\/my-resume","og_site_name":"Youras Ziankovich, Esq.","article_publisher":"https:\/\/www.facebook.com\/polishlawyer.us","article_modified_time":"2025-08-29T22:27:29+00:00","twitter_card":"summary_large_image","twitter_misc":{"Szacowany czas czytania":"2 minuty"},"schema":{"@context":"https:\/\/schema.org","@graph":[{"@type":"WebPage","@id":"https:\/\/www.ziankovich.com\/pl\/my-resume","url":"https:\/\/www.ziankovich.com\/pl\/my-resume","name":"Resume of Youras Ziankovich: Education and Career - Youras Ziankovich, Esq.","isPartOf":{"@id":"https:\/\/www.ziankovich.com\/pl\/#website"},"datePublished":"2012-11-17T03:15:53+00:00","dateModified":"2025-08-29T22:27:29+00:00","description":"Learn about Youras Ziankovich's education and extensive experience in business law and immigration services.","breadcrumb":{"@id":"https:\/\/www.ziankovich.com\/pl\/my-resume#breadcrumb"},"inLanguage":"pl-PL","potentialAction":[{"@type":"ReadAction","target":[["https:\/\/www.ziankovich.com\/pl\/my-resume"]]}]},{"@type":"BreadcrumbList","@id":"https:\/\/www.ziankovich.com\/pl\/my-resume#breadcrumb","itemListElement":[{"@type":"ListItem","position":1,"name":"Home","item":"https:\/\/www.ziankovich.com\/pl\/"},{"@type":"ListItem","position":2,"name":"My Resume"}]},{"@type":"WebSite","@id":"https:\/\/www.ziankovich.com\/pl\/#website","url":"https:\/\/www.ziankovich.com\/pl\/","name":"Youras Ziankovich, Esq.","description":"Corporate and Immigration Attorney","alternateName":"Law Office of Youras Ziankovich","potentialAction":[{"@type":"SearchAction","target":{"@type":"EntryPoint","urlTemplate":"https:\/\/www.ziankovich.com\/pl\/?s={search_term_string}"},"query-input":{"@type":"PropertyValueSpecification","valueRequired":true,"valueName":"search_term_string"}}],"inLanguage":"pl-PL"}]}},"_links":{"self":[{"href":"https:\/\/www.ziankovich.com\/pl\/wp-json\/wp\/v2\/pages\/20","targetHints":{"allow":["GET"]}}],"collection":[{"href":"https:\/\/www.ziankovich.com\/pl\/wp-json\/wp\/v2\/pages"}],"about":[{"href":"https:\/\/www.ziankovich.com\/pl\/wp-json\/wp\/v2\/types\/page"}],"author":[{"embeddable":true,"href":"https:\/\/www.ziankovich.com\/pl\/wp-json\/wp\/v2\/users\/1"}],"replies":[{"embeddable":true,"href":"https:\/\/www.ziankovich.com\/pl\/wp-json\/wp\/v2\/comments?post=20"}],"version-history":[{"count":1,"href":"https:\/\/www.ziankovich.com\/pl\/wp-json\/wp\/v2\/pages\/20\/revisions"}],"predecessor-version":[{"id":193,"href":"https:\/\/www.ziankovich.com\/pl\/wp-json\/wp\/v2\/pages\/20\/revisions\/193"}],"wp:attachment":[{"href":"https:\/\/www.ziankovich.com\/pl\/wp-json\/wp\/v2\/media?parent=20"}],"curies":[{"name":"wp","href":"https:\/\/api.w.org\/{rel}","templated":true}]}}